{"id":2,"date":"2026-03-04T23:37:12","date_gmt":"2026-03-04T22:37:12","guid":{"rendered":"https:\/\/panel17.servidoresrapidos.net:2083\/cwp_f9e477bcf3c974da\/ntpty\/ntpty\/index.php?module=addons&#038;act=install\/?page_id=2"},"modified":"2026-03-26T22:03:56","modified_gmt":"2026-03-26T21:03:56","slug":"pagina-ejemplo-2","status":"publish","type":"page","link":"https:\/\/ntpty.com\/","title":{"rendered":"Inicio1"},"content":{"rendered":"\t\t<div data-elementor-type=\"wp-page\" data-elementor-id=\"2\" class=\"elementor elementor-2\" data-elementor-post-type=\"page\">\n\t\t\t\t<div class=\"elementor-element elementor-element-97f410c e-flex e-con-boxed e-con e-parent\" data-id=\"97f410c\" data-element_type=\"container\" data-e-type=\"container\">\n\t\t\t\t\t<div class=\"e-con-inner\">\n\t\t\t\t<div class=\"elementor-element elementor-element-c3734c1 elementor-widget elementor-widget-spacer\" data-id=\"c3734c1\" data-element_type=\"widget\" data-e-type=\"widget\" data-widget_type=\"spacer.default\">\n\t\t\t\t\t\t\t<div class=\"elementor-spacer\">\n\t\t\t<div class=\"elementor-spacer-inner\"><\/div>\n\t\t<\/div>\n\t\t\t\t\t\t<\/div>\n\t\t\t\t\t<\/div>\n\t\t\t\t<\/div>\n\t\t<div class=\"elementor-element elementor-element-9207aa5 e-con-full e-flex e-con e-parent\" data-id=\"9207aa5\" data-element_type=\"container\" data-e-type=\"container\">\n\t\t\t\t<div class=\"elementor-element elementor-element-96124ad elementor-widget__width-inherit elementor-widget elementor-widget-image\" data-id=\"96124ad\" data-element_type=\"widget\" data-e-type=\"widget\" data-widget_type=\"image.default\">\n\t\t\t\t\t\t\t\t\t\t\t\t\t\t\t<img fetchpriority=\"high\" decoding=\"async\" width=\"1024\" height=\"512\" src=\"https:\/\/ntpty.com\/wp-content\/uploads\/2026\/03\/NT-Cosmetics-1-1024x512.png\" class=\"attachment-large size-large wp-image-72\" alt=\"\" srcset=\"https:\/\/ntpty.com\/wp-content\/uploads\/2026\/03\/NT-Cosmetics-1-1024x512.png 1024w, https:\/\/ntpty.com\/wp-content\/uploads\/2026\/03\/NT-Cosmetics-1-300x150.png 300w, https:\/\/ntpty.com\/wp-content\/uploads\/2026\/03\/NT-Cosmetics-1-768x384.png 768w, https:\/\/ntpty.com\/wp-content\/uploads\/2026\/03\/NT-Cosmetics-1-1536x768.png 1536w, https:\/\/ntpty.com\/wp-content\/uploads\/2026\/03\/NT-Cosmetics-1-2048x1024.png 2048w\" sizes=\"(max-width: 1024px) 100vw, 1024px\" \/>\t\t\t\t\t\t\t\t\t\t\t\t\t\t\t<\/div>\n\t\t\t\t<\/div>\n\t\t<section class=\"elementor-element elementor-element-6769697 e-con-full e-flex e-con e-parent\" data-id=\"6769697\" data-element_type=\"container\" data-e-type=\"container\">\n\t\t\t\t<div class=\"elementor-element elementor-element-6a3cf1f elementor-widget elementor-widget-heading\" data-id=\"6a3cf1f\" data-element_type=\"widget\" data-e-type=\"widget\" data-widget_type=\"heading.default\">\n\t\t\t\t\t<h1 class=\"elementor-heading-title elementor-size-default\">Tu cabello es la \u00fanica corona que nunca te quitas<\/h1>\t\t\t\t<\/div>\n\t\t\t\t<\/section>\n\t\t<div class=\"elementor-element elementor-element-84c68b0 e-flex e-con-boxed e-con e-parent\" data-id=\"84c68b0\" data-element_type=\"container\" data-e-type=\"container\">\n\t\t\t\t\t<div class=\"e-con-inner\">\n\t\t<div class=\"elementor-element elementor-element-79cb69f e-con-full e-flex e-con e-child\" data-id=\"79cb69f\" data-element_type=\"container\" data-e-type=\"container\">\n\t\t\t\t<div class=\"elementor-element elementor-element-1ac25d1 elementor-widget elementor-widget-heading\" data-id=\"1ac25d1\" data-element_type=\"widget\" data-e-type=\"widget\" data-widget_type=\"heading.default\">\n\t\t\t\t\t<h4 class=\"elementor-heading-title elementor-size-default\">NT es una empresa joven cuyo objetivo es brindar la mejor calidad en sus productos, tanto para su cabello como en su hogar<\/h4>\t\t\t\t<\/div>\n\t\t\t\t<div class=\"elementor-element elementor-element-3afff9e elementor-widget elementor-widget-text-editor\" data-id=\"3afff9e\" data-element_type=\"widget\" data-e-type=\"widget\" data-widget_type=\"text-editor.default\">\n\t\t\t\t\t\t\t\t\t<p><span class=\"C9DxTc \">Todos los d\u00edas, un excelente personal de\u00a0<\/span><span class=\"C9DxTc \">NT Cosm\u00e9ticos<\/span><span class=\"C9DxTc \">\u00a0dedica tiempo a pensar en el cuidado de su cabello.\u00a0 Por eso ponemos a su disposici\u00f3n los beneficios nutritivos y potenciadores de ingredientes naturales para obtener los mejores resultados.\u00a0 Tambi\u00e9n nos hemos enfocado en crear una l\u00ednea de productos de alta calidad para el uso cotidiano en el hogar.\u00a0 Logramos hacer realidad el sue\u00f1o de muchas mujeres de tener un cabello hermoso y saludable, nuestra intenci\u00f3n es hacer mucho m\u00e1s.<\/span><\/p>\t\t\t\t\t\t\t\t<\/div>\n\t\t\t\t<\/div>\n\t\t<div class=\"elementor-element elementor-element-94dbe2c e-con-full e-flex e-con e-child\" data-id=\"94dbe2c\" data-element_type=\"container\" data-e-type=\"container\">\n\t\t\t\t<div class=\"elementor-element elementor-element-3ffd897 elementor-widget elementor-widget-image\" data-id=\"3ffd897\" data-element_type=\"widget\" data-e-type=\"widget\" data-widget_type=\"image.default\">\n\t\t\t\t\t\t\t\t\t\t\t\t\t\t\t<img decoding=\"async\" width=\"1024\" height=\"684\" src=\"https:\/\/ntpty.com\/wp-content\/uploads\/2026\/03\/pexels-timmossholder-1049687-1024x684.jpg\" class=\"attachment-large size-large wp-image-76\" alt=\"\" srcset=\"https:\/\/ntpty.com\/wp-content\/uploads\/2026\/03\/pexels-timmossholder-1049687-1024x684.jpg 1024w, https:\/\/ntpty.com\/wp-content\/uploads\/2026\/03\/pexels-timmossholder-1049687-300x200.jpg 300w, https:\/\/ntpty.com\/wp-content\/uploads\/2026\/03\/pexels-timmossholder-1049687-768x513.jpg 768w, https:\/\/ntpty.com\/wp-content\/uploads\/2026\/03\/pexels-timmossholder-1049687-1536x1025.jpg 1536w, https:\/\/ntpty.com\/wp-content\/uploads\/2026\/03\/pexels-timmossholder-1049687-2048x1367.jpg 2048w\" sizes=\"(max-width: 1024px) 100vw, 1024px\" \/>\t\t\t\t\t\t\t\t\t\t\t\t\t\t\t<\/div>\n\t\t\t\t<\/div>\n\t\t\t\t\t<\/div>\n\t\t\t\t<\/div>\n\t\t<section class=\"elementor-element elementor-element-fbb5663 e-flex e-con-boxed e-con e-parent\" data-id=\"fbb5663\" data-element_type=\"container\" data-e-type=\"container\">\n\t\t\t\t\t<div class=\"e-con-inner\">\n\t\t\t\t<div class=\"elementor-element elementor-element-627a78e elementor-widget elementor-widget-spacer\" data-id=\"627a78e\" data-element_type=\"widget\" data-e-type=\"widget\" data-widget_type=\"spacer.default\">\n\t\t\t\t\t\t\t<div class=\"elementor-spacer\">\n\t\t\t<div class=\"elementor-spacer-inner\"><\/div>\n\t\t<\/div>\n\t\t\t\t\t\t<\/div>\n\t\t\t\t<div class=\"elementor-element elementor-element-e33cfc3 elementor-widget elementor-widget-heading\" data-id=\"e33cfc3\" data-element_type=\"widget\" data-e-type=\"widget\" data-widget_type=\"heading.default\">\n\t\t\t\t\t<h2 class=\"elementor-heading-title elementor-size-default\">Nuestras L\u00edneas<\/h2>\t\t\t\t<\/div>\n\t\t\t\t\t<\/div>\n\t\t\t\t<\/section>\n\t\t<section class=\"elementor-element elementor-element-9549371 e-flex e-con-boxed e-con e-parent\" data-id=\"9549371\" data-element_type=\"container\" data-e-type=\"container\">\n\t\t\t\t\t<div class=\"e-con-inner\">\n\t\t<div class=\"elementor-element elementor-element-7c97787 e-con-full e-flex e-con e-child\" data-id=\"7c97787\" data-element_type=\"container\" data-e-type=\"container\">\n\t\t\t\t<div class=\"elementor-element elementor-element-b4a08fd elementor-widget elementor-widget-image\" data-id=\"b4a08fd\" data-element_type=\"widget\" data-e-type=\"widget\" data-widget_type=\"image.default\">\n\t\t\t\t\t\t\t\t\t\t\t\t\t\t\t<img decoding=\"async\" width=\"1024\" height=\"512\" src=\"https:\/\/ntpty.com\/wp-content\/uploads\/2026\/03\/NT-Cosmetics-2-1024x512.png\" class=\"attachment-large size-large wp-image-83\" alt=\"\" srcset=\"https:\/\/ntpty.com\/wp-content\/uploads\/2026\/03\/NT-Cosmetics-2-1024x512.png 1024w, https:\/\/ntpty.com\/wp-content\/uploads\/2026\/03\/NT-Cosmetics-2-300x150.png 300w, https:\/\/ntpty.com\/wp-content\/uploads\/2026\/03\/NT-Cosmetics-2-768x384.png 768w, https:\/\/ntpty.com\/wp-content\/uploads\/2026\/03\/NT-Cosmetics-2-1536x768.png 1536w, https:\/\/ntpty.com\/wp-content\/uploads\/2026\/03\/NT-Cosmetics-2-2048x1024.png 2048w\" sizes=\"(max-width: 1024px) 100vw, 1024px\" \/>\t\t\t\t\t\t\t\t\t\t\t\t\t\t\t<\/div>\n\t\t\t\t<\/div>\n\t\t<div class=\"elementor-element elementor-element-52e4ad1 e-con-full e-flex e-con e-child\" data-id=\"52e4ad1\" data-element_type=\"container\" data-e-type=\"container\">\n\t\t\t\t<div class=\"elementor-element elementor-element-289a8f8 elementor-widget elementor-widget-image\" data-id=\"289a8f8\" data-element_type=\"widget\" data-e-type=\"widget\" data-widget_type=\"image.default\">\n\t\t\t\t\t\t\t\t\t\t\t\t\t\t\t<img loading=\"lazy\" decoding=\"async\" width=\"1024\" height=\"512\" src=\"https:\/\/ntpty.com\/wp-content\/uploads\/2026\/03\/NT-Cosmetics-3-1024x512.png\" class=\"attachment-large size-large wp-image-87\" alt=\"\" srcset=\"https:\/\/ntpty.com\/wp-content\/uploads\/2026\/03\/NT-Cosmetics-3-1024x512.png 1024w, https:\/\/ntpty.com\/wp-content\/uploads\/2026\/03\/NT-Cosmetics-3-300x150.png 300w, https:\/\/ntpty.com\/wp-content\/uploads\/2026\/03\/NT-Cosmetics-3-768x384.png 768w, https:\/\/ntpty.com\/wp-content\/uploads\/2026\/03\/NT-Cosmetics-3-1536x768.png 1536w, https:\/\/ntpty.com\/wp-content\/uploads\/2026\/03\/NT-Cosmetics-3-2048x1024.png 2048w\" sizes=\"(max-width: 1024px) 100vw, 1024px\" \/>\t\t\t\t\t\t\t\t\t\t\t\t\t\t\t<\/div>\n\t\t\t\t<\/div>\n\t\t<div class=\"elementor-element elementor-element-c86c181 e-con-full e-flex e-con e-child\" data-id=\"c86c181\" data-element_type=\"container\" data-e-type=\"container\">\n\t\t\t\t<div class=\"elementor-element elementor-element-b2d41c2 elementor-widget elementor-widget-image\" data-id=\"b2d41c2\" data-element_type=\"widget\" data-e-type=\"widget\" data-widget_type=\"image.default\">\n\t\t\t\t\t\t\t\t\t\t\t\t\t\t\t<img loading=\"lazy\" decoding=\"async\" width=\"1024\" height=\"512\" src=\"https:\/\/ntpty.com\/wp-content\/uploads\/2026\/03\/NT-Cosmetics-4-1024x512.png\" class=\"attachment-large size-large wp-image-103\" alt=\"\" srcset=\"https:\/\/ntpty.com\/wp-content\/uploads\/2026\/03\/NT-Cosmetics-4-1024x512.png 1024w, https:\/\/ntpty.com\/wp-content\/uploads\/2026\/03\/NT-Cosmetics-4-300x150.png 300w, https:\/\/ntpty.com\/wp-content\/uploads\/2026\/03\/NT-Cosmetics-4-768x384.png 768w, https:\/\/ntpty.com\/wp-content\/uploads\/2026\/03\/NT-Cosmetics-4-1536x768.png 1536w, https:\/\/ntpty.com\/wp-content\/uploads\/2026\/03\/NT-Cosmetics-4-2048x1024.png 2048w\" sizes=\"(max-width: 1024px) 100vw, 1024px\" \/>\t\t\t\t\t\t\t\t\t\t\t\t\t\t\t<\/div>\n\t\t\t\t<\/div>\n\t\t<div class=\"elementor-element elementor-element-a5e3806 e-con-full e-flex e-con e-child\" data-id=\"a5e3806\" data-element_type=\"container\" data-e-type=\"container\">\n\t\t\t\t<div class=\"elementor-element elementor-element-2180f49 elementor-widget elementor-widget-image\" data-id=\"2180f49\" data-element_type=\"widget\" data-e-type=\"widget\" data-widget_type=\"image.default\">\n\t\t\t\t\t\t\t\t\t\t\t\t\t\t\t<img loading=\"lazy\" decoding=\"async\" width=\"1024\" height=\"512\" src=\"https:\/\/ntpty.com\/wp-content\/uploads\/2026\/03\/NT-Cosmetics-5-1024x512.png\" class=\"attachment-large size-large wp-image-107\" alt=\"\" srcset=\"https:\/\/ntpty.com\/wp-content\/uploads\/2026\/03\/NT-Cosmetics-5-1024x512.png 1024w, https:\/\/ntpty.com\/wp-content\/uploads\/2026\/03\/NT-Cosmetics-5-300x150.png 300w, https:\/\/ntpty.com\/wp-content\/uploads\/2026\/03\/NT-Cosmetics-5-768x384.png 768w, https:\/\/ntpty.com\/wp-content\/uploads\/2026\/03\/NT-Cosmetics-5-1536x768.png 1536w, https:\/\/ntpty.com\/wp-content\/uploads\/2026\/03\/NT-Cosmetics-5-2048x1024.png 2048w\" sizes=\"(max-width: 1024px) 100vw, 1024px\" \/>\t\t\t\t\t\t\t\t\t\t\t\t\t\t\t<\/div>\n\t\t\t\t<\/div>\n\t\t\t\t\t<\/div>\n\t\t\t\t<\/section>\n\t\t<div class=\"elementor-element elementor-element-e994e3e e-flex e-con-boxed e-con e-parent\" data-id=\"e994e3e\" data-element_type=\"container\" data-e-type=\"container\">\n\t\t\t\t\t<div class=\"e-con-inner\">\n\t\t<div class=\"elementor-element elementor-element-e07daad e-con-full e-flex e-con e-child\" data-id=\"e07daad\" data-element_type=\"container\" data-e-type=\"container\">\n\t\t\t\t<\/div>\n\t\t<div class=\"elementor-element elementor-element-867d3ed e-con-full e-flex e-con e-child\" data-id=\"867d3ed\" data-element_type=\"container\" data-e-type=\"container\">\n\t\t\t\t<div class=\"elementor-element elementor-element-b3f93ef elementor-widget elementor-widget-heading\" data-id=\"b3f93ef\" data-element_type=\"widget\" data-e-type=\"widget\" data-widget_type=\"heading.default\">\n\t\t\t\t\t<h4 class=\"elementor-heading-title elementor-size-default\">Whatsapp<\/h4>\t\t\t\t<\/div>\n\t\t<div class=\"elementor-element elementor-element-b976c1b e-con-full e-flex e-con e-child\" data-id=\"b976c1b\" data-element_type=\"container\" data-e-type=\"container\">\n\t\t\t\t<div class=\"elementor-element elementor-element-3a6f954 elementor-view-default elementor-widget elementor-widget-icon\" data-id=\"3a6f954\" data-element_type=\"widget\" data-e-type=\"widget\" data-widget_type=\"icon.default\">\n\t\t\t\t\t\t\t<div class=\"elementor-icon-wrapper\">\n\t\t\t<div class=\"elementor-icon\">\n\t\t\t<svg aria-hidden=\"true\" class=\"e-font-icon-svg e-fab-whatsapp\" viewBox=\"0 0 448 512\" xmlns=\"http:\/\/www.w3.org\/2000\/svg\"><path d=\"M380.9 97.1C339 55.1 283.2 32 223.9 32c-122.4 0-222 99.6-222 222 0 39.1 10.2 77.3 29.6 111L0 480l117.7-30.9c32.4 17.7 68.9 27 106.1 27h.1c122.3 0 224.1-99.6 224.1-222 0-59.3-25.2-115-67.1-157zm-157 341.6c-33.2 0-65.7-8.9-94-25.7l-6.7-4-69.8 18.3L72 359.2l-4.4-7c-18.5-29.4-28.2-63.3-28.2-98.2 0-101.7 82.8-184.5 184.6-184.5 49.3 0 95.6 19.2 130.4 54.1 34.8 34.9 56.2 81.2 56.1 130.5 0 101.8-84.9 184.6-186.6 184.6zm101.2-138.2c-5.5-2.8-32.8-16.2-37.9-18-5.1-1.9-8.8-2.8-12.5 2.8-3.7 5.6-14.3 18-17.6 21.8-3.2 3.7-6.5 4.2-12 1.4-32.6-16.3-54-29.1-75.5-66-5.7-9.8 5.7-9.1 16.3-30.3 1.8-3.7.9-6.9-.5-9.7-1.4-2.8-12.5-30.1-17.1-41.2-4.5-10.8-9.1-9.3-12.5-9.5-3.2-.2-6.9-.2-10.6-.2-3.7 0-9.7 1.4-14.8 6.9-5.1 5.6-19.4 19-19.4 46.3 0 27.3 19.9 53.7 22.6 57.4 2.8 3.7 39.1 59.7 94.8 83.8 35.2 15.2 49 16.5 66.6 13.9 10.7-1.6 32.8-13.4 37.4-26.4 4.6-13 4.6-24.1 3.2-26.4-1.3-2.5-5-3.9-10.5-6.6z\"><\/path><\/svg>\t\t\t<\/div>\n\t\t<\/div>\n\t\t\t\t\t\t<\/div>\n\t\t\t\t<div class=\"elementor-element elementor-element-83f24d7 elementor-align-center elementor-widget elementor-widget-button\" data-id=\"83f24d7\" data-element_type=\"widget\" data-e-type=\"widget\" data-widget_type=\"button.default\">\n\t\t\t\t\t\t\t\t\t\t<a class=\"elementor-button elementor-button-link elementor-size-sm\" href=\"https:\/\/wa.link\/uy43kr\">\n\t\t\t\t\t\t<span class=\"elementor-button-content-wrapper\">\n\t\t\t\t\t\t\t\t\t<span class=\"elementor-button-text\">+507 6771 77 77<\/span>\n\t\t\t\t\t<\/span>\n\t\t\t\t\t<\/a>\n\t\t\t\t\t\t\t\t<\/div>\n\t\t\t\t<\/div>\n\t\t<div class=\"elementor-element elementor-element-c82f84e e-con-full e-flex e-con e-child\" data-id=\"c82f84e\" data-element_type=\"container\" data-e-type=\"container\">\n\t\t\t\t<\/div>\n\t\t\t\t<\/div>\n\t\t\t\t\t<\/div>\n\t\t\t\t<\/div>\n\t\t\t\t<\/div>\n\t\t","protected":false},"excerpt":{"rendered":"<p>Tu cabello es la \u00fanica corona que nunca te quitas NT es una empresa joven cuyo objetivo es brindar la [&hellip;]<\/p>\n","protected":false},"author":1,"featured_media":0,"parent":0,"menu_order":0,"comment_status":"closed","ping_status":"open","template":"","meta":{"site-sidebar-layout":"no-sidebar","site-content-layout":"","ast-site-content-layout":"full-width-container","site-content-style":"default","site-sidebar-style":"default","ast-global-header-display":"","ast-banner-title-visibility":"","ast-main-header-display":"","ast-hfb-above-header-display":"","ast-hfb-below-header-display":"","ast-hfb-mobile-header-display":"","site-post-title":"disabled","ast-breadcrumbs-content":"","ast-featured-img":"","footer-sml-layout":"","ast-disable-related-posts":"","theme-transparent-header-meta":"","adv-header-id-meta":"","stick-header-meta":"","header-above-stick-meta":"","header-main-stick-meta":"","header-below-stick-meta":"","astra-migrate-meta-layouts":"default","ast-page-background-enabled":"default","ast-page-background-meta":{"desktop":{"background-color":"var(--ast-global-color-5)","background-image":"","background-repeat":"repeat","background-position":"center center","background-size":"auto","background-attachment":"scroll","background-type":"","background-media":"","overlay-type":"","overlay-color":"","overlay-opacity":"","overlay-gradient":""},"tablet":{"background-color":"","background-image":"","background-repeat":"repeat","background-position":"center center","background-size":"auto","background-attachment":"scroll","background-type":"","background-media":"","overlay-type":"","overlay-color":"","overlay-opacity":"","overlay-gradient":""},"mobile":{"background-color":"","background-image":"","background-repeat":"repeat","background-position":"center center","background-size":"auto","background-attachment":"scroll","background-type":"","background-media":"","overlay-type":"","overlay-color":"","overlay-opacity":"","overlay-gradient":""}},"ast-content-background-meta":{"desktop":{"background-color":"var(--ast-global-color-4)","background-image":"","background-repeat":"repeat","background-position":"center center","background-size":"auto","background-attachment":"scroll","background-type":"","background-media":"","overlay-type":"","overlay-color":"","overlay-opacity":"","overlay-gradient":""},"tablet":{"background-color":"var(--ast-global-color-4)","background-image":"","background-repeat":"repeat","background-position":"center center","background-size":"auto","background-attachment":"scroll","background-type":"","background-media":"","overlay-type":"","overlay-color":"","overlay-opacity":"","overlay-gradient":""},"mobile":{"background-color":"var(--ast-global-color-4)","background-image":"","background-repeat":"repeat","background-position":"center center","background-size":"auto","background-attachment":"scroll","background-type":"","background-media":"","overlay-type":"","overlay-color":"","overlay-opacity":"","overlay-gradient":""}},"footnotes":""},"class_list":["post-2","page","type-page","status-publish","hentry"],"_links":{"self":[{"href":"https:\/\/ntpty.com\/index.php?rest_route=\/wp\/v2\/pages\/2","targetHints":{"allow":["GET"]}}],"collection":[{"href":"https:\/\/ntpty.com\/index.php?rest_route=\/wp\/v2\/pages"}],"about":[{"href":"https:\/\/ntpty.com\/index.php?rest_route=\/wp\/v2\/types\/page"}],"author":[{"embeddable":true,"href":"https:\/\/ntpty.com\/index.php?rest_route=\/wp\/v2\/users\/1"}],"replies":[{"embeddable":true,"href":"https:\/\/ntpty.com\/index.php?rest_route=%2Fwp%2Fv2%2Fcomments&post=2"}],"version-history":[{"count":64,"href":"https:\/\/ntpty.com\/index.php?rest_route=\/wp\/v2\/pages\/2\/revisions"}],"predecessor-version":[{"id":139,"href":"https:\/\/ntpty.com\/index.php?rest_route=\/wp\/v2\/pages\/2\/revisions\/139"}],"wp:attachment":[{"href":"https:\/\/ntpty.com\/index.php?rest_route=%2Fwp%2Fv2%2Fmedia&parent=2"}],"curies":[{"name":"wp","href":"https:\/\/api.w.org\/{rel}","templated":true}]}}